{"id":484,"date":"2015-01-08T22:17:20","date_gmt":"2015-01-08T21:17:20","guid":{"rendered":"http:\/\/www.muenster.org\/hansahof\/?page_id=484"},"modified":"2024-09-19T19:08:18","modified_gmt":"2024-09-19T18:08:18","slug":"zehn-jahre-seniorentreff-hansahof-e-v-unter-neuer-leitungg","status":"publish","type":"page","link":"https:\/\/www.muenster.org\/hansahof\/?page_id=484","title":{"rendered":"Geschichte"},"content":{"rendered":"<p><span style=\"font-size: 14pt;\">Die Begegnungsst\u00e4tte Seniorentreff Hansahof besteht unter ehrenamtlicher Leitung seit 1977. Sie wurde gegr\u00fcndet mit Unterst\u00fctzung der Katholischen Frauengemeinschaft ( KFD ) von Stadtdechant Johannes Schmitthausen und\u00a0 war\u00a0 bis 2004 unter Tr\u00e4gerschaft des Katholischen Stadtdekanates M\u00fcnster.<br \/>\n<\/span><\/p>\n<p><span style=\"font-size: 14pt;\">Am 1. Januar 2005 \u00fcbernahm der neu gegr\u00fcndete Verein <strong><span style=\"font-size: 14pt;\">Seniorentreff<\/span> <span style=\"font-size: 14pt;\">Hansahof e. V.<\/span><\/strong> die Tr\u00e4gerschaft.<\/span><\/p>\n<p><span style=\"font-size: 14pt;\">\u00a0<\/span><\/p>\n<p><span style=\"font-size: 16pt;\"><span style=\"font-size: 18pt;\">Feierliche Verabschiedung der &#8222;Alten Garde&#8220;<\/span> <\/span><\/p>\n<p><span style=\"font-size: 14pt;\">Ein volles Haus mit mehr als 80 G\u00e4sten hatte der Hansahof am 16. M\u00e4rz, 2023, um die langj\u00e4hrigen verdienten Vorstandsmitglieder <strong><span style=\"font-size: 14pt;\">Erwin Stroot, Florian Steinforth und Ulla Homm<\/span><\/strong> sowie weitere acht Ehrenamtliche, alle \u00fcber 80 Jahre, nach einer f\u00fcr einige \u00fcber zwanzigj\u00e4hrigen T\u00e4tigkeit, feierlich zu verabschieden.<\/span><\/p>\n<p><span style=\"font-size: 14pt;\">Musikalisch umrahmt wurde der Festtakt von<\/span><\/p>\n<p><span style=\"font-size: 14pt;\">Stadtdekanatskantorin Jutta Bitsch, Klavier, und Lilian Jung, Geige.<\/span><\/p>\n<p><span style=\"font-size: 14pt;\">Der neugew\u00e4hlte Vorsitzende Josef Vollstedt moderierte das Geschehen und hob in seiner Rede mit launigen Worten die Verdienste der &#8220; Alten Garde &#8220; hervor.<\/span><\/p>\n<p><span style=\"font-size: 14pt;\">Oberb\u00fcrgermeister Markus Lewe, der die drei Vorstandsmitglieder schon von zahlreichen Begegnungen kennen und sch\u00e4tzen gelernt hatte, lobte insbesondere die praktische zupackende Art in ihrem sozialen Engagement. &#8222;Ihr habt das hingekriegt!<\/span><\/p>\n<p><span style=\"font-size: 14pt;\">Die scheidenden Ehrenamtlichen freuten sich \u00fcber das\u00a0 Abschiedsgeschenk, ein gerahmtes Bild von Ursel Stroot ( +2022), welches sie sich aus ihrem Nachlass selbst aussuchen durften.<\/span><\/p>\n<p><span style=\"font-size: 14pt;\">Der Festakt klang in geselliger Runde mit einem Festessen und erz\u00e4hlen von Geschichten aus.<\/span><\/p>\n<p>&nbsp;<\/p>\n<p><span style=\"font-size: 14pt;\">Hymne zur Verabschiedung<\/span><\/p>\n<p><img loading=\"lazy\" decoding=\"async\" class=\"aligncenter size-full wp-image-1924\" src=\"https:\/\/www.muenster.org\/hansahof\/wp-content\/uploads\/2023\/04\/IMG_08546032-scaled.jpg\" alt=\"\" width=\"1920\" height=\"2560\" abc=\"https:\/\/www.muenster.org\/hansahof\/wp-content\/uploads\/2023\/04\/IMG_08546032-scaled.jpg 1920w, https:\/\/www.muenster.org\/hansahof\/wp-content\/uploads\/2023\/04\/IMG_08546032-225x300.jpg 225w, https:\/\/www.muenster.org\/hansahof\/wp-content\/uploads\/2023\/04\/IMG_08546032-768x1024.jpg 768w, https:\/\/www.muenster.org\/hansahof\/wp-content\/uploads\/2023\/04\/IMG_08546032-1152x1536.jpg 1152w, https:\/\/www.muenster.org\/hansahof\/wp-content\/uploads\/2023\/04\/IMG_08546032-1536x2048.jpg 1536w\" sizes=\"auto, (max-width: 1920px) 100vw, 1920px\" \/><\/p>\n<div style=\"width: 584px;\" class=\"wp-video\"><video class=\"wp-video-shortcode\" id=\"video-484-1\" width=\"584\" height=\"329\" preload=\"metadata\" controls=\"controls\"><source type=\"video\/mp4\" src=\"https:\/\/www.muenster.org\/hansahof\/wp-content\/uploads\/2023\/04\/IMG_1214.mp4?_=1\" \/><a href=\"https:\/\/www.muenster.org\/hansahof\/wp-content\/uploads\/2023\/04\/IMG_1214.mp4\">https:\/\/www.muenster.org\/hansahof\/wp-content\/uploads\/2023\/04\/IMG_1214.mp4<\/a><\/video><\/div>\n<p><img loading=\"lazy\" decoding=\"async\" class=\"aligncenter size-full wp-image-1926\" src=\"https:\/\/www.muenster.org\/hansahof\/wp-content\/uploads\/2023\/04\/IMG_8551.jpg\" alt=\"\" width=\"2126\" height=\"1417\" abc=\"https:\/\/www.muenster.org\/hansahof\/wp-content\/uploads\/2023\/04\/IMG_8551.jpg 2126w, https:\/\/www.muenster.org\/hansahof\/wp-content\/uploads\/2023\/04\/IMG_8551-300x200.jpg 300w, https:\/\/www.muenster.org\/hansahof\/wp-content\/uploads\/2023\/04\/IMG_8551-1024x683.jpg 1024w, https:\/\/www.muenster.org\/hansahof\/wp-content\/uploads\/2023\/04\/IMG_8551-768x512.jpg 768w, https:\/\/www.muenster.org\/hansahof\/wp-content\/uploads\/2023\/04\/IMG_8551-1536x1024.jpg 1536w, https:\/\/www.muenster.org\/hansahof\/wp-content\/uploads\/2023\/04\/IMG_8551-2048x1365.jpg 2048w, https:\/\/www.muenster.org\/hansahof\/wp-content\/uploads\/2023\/04\/IMG_8551-450x300.jpg 450w\" sizes=\"auto, (max-width: 2126px) 100vw, 2126px\" \/> <img loading=\"lazy\" decoding=\"async\" class=\"aligncenter size-full wp-image-1927\" src=\"https:\/\/www.muenster.org\/hansahof\/wp-content\/uploads\/2023\/04\/IMG_8557.jpg\" alt=\"\" width=\"2126\" height=\"1417\" abc=\"https:\/\/www.muenster.org\/hansahof\/wp-content\/uploads\/2023\/04\/IMG_8557.jpg 2126w, https:\/\/www.muenster.org\/hansahof\/wp-content\/uploads\/2023\/04\/IMG_8557-300x200.jpg 300w, https:\/\/www.muenster.org\/hansahof\/wp-content\/uploads\/2023\/04\/IMG_8557-1024x683.jpg 1024w, https:\/\/www.muenster.org\/hansahof\/wp-content\/uploads\/2023\/04\/IMG_8557-768x512.jpg 768w, https:\/\/www.muenster.org\/hansahof\/wp-content\/uploads\/2023\/04\/IMG_8557-1536x1024.jpg 1536w, https:\/\/www.muenster.org\/hansahof\/wp-content\/uploads\/2023\/04\/IMG_8557-2048x1365.jpg 2048w, https:\/\/www.muenster.org\/hansahof\/wp-content\/uploads\/2023\/04\/IMG_8557-450x300.jpg 450w\" sizes=\"auto, (max-width: 2126px) 100vw, 2126px\" \/> <img loading=\"lazy\" decoding=\"async\" class=\"aligncenter size-full wp-image-1928\" src=\"https:\/\/www.muenster.org\/hansahof\/wp-content\/uploads\/2023\/04\/IMG_8559.jpg\" alt=\"\" width=\"2126\" height=\"1417\" abc=\"https:\/\/www.muenster.org\/hansahof\/wp-content\/uploads\/2023\/04\/IMG_8559.jpg 2126w, https:\/\/www.muenster.org\/hansahof\/wp-content\/uploads\/2023\/04\/IMG_8559-300x200.jpg 300w, https:\/\/www.muenster.org\/hansahof\/wp-content\/uploads\/2023\/04\/IMG_8559-1024x683.jpg 1024w, https:\/\/www.muenster.org\/hansahof\/wp-content\/uploads\/2023\/04\/IMG_8559-768x512.jpg 768w, https:\/\/www.muenster.org\/hansahof\/wp-content\/uploads\/2023\/04\/IMG_8559-1536x1024.jpg 1536w, https:\/\/www.muenster.org\/hansahof\/wp-content\/uploads\/2023\/04\/IMG_8559-2048x1365.jpg 2048w, https:\/\/www.muenster.org\/hansahof\/wp-content\/uploads\/2023\/04\/IMG_8559-450x300.jpg 450w\" sizes=\"auto, (max-width: 2126px) 100vw, 2126px\" \/> <img loading=\"lazy\" decoding=\"async\" class=\"aligncenter size-full wp-image-1929\" src=\"https:\/\/www.muenster.org\/hansahof\/wp-content\/uploads\/2023\/04\/IMG_8567.jpg\" alt=\"\" width=\"2126\" height=\"1417\" abc=\"https:\/\/www.muenster.org\/hansahof\/wp-content\/uploads\/2023\/04\/IMG_8567.jpg 2126w, https:\/\/www.muenster.org\/hansahof\/wp-content\/uploads\/2023\/04\/IMG_8567-300x200.jpg 300w, https:\/\/www.muenster.org\/hansahof\/wp-content\/uploads\/2023\/04\/IMG_8567-1024x683.jpg 1024w, https:\/\/www.muenster.org\/hansahof\/wp-content\/uploads\/2023\/04\/IMG_8567-768x512.jpg 768w, https:\/\/www.muenster.org\/hansahof\/wp-content\/uploads\/2023\/04\/IMG_8567-1536x1024.jpg 1536w, https:\/\/www.muenster.org\/hansahof\/wp-content\/uploads\/2023\/04\/IMG_8567-2048x1365.jpg 2048w, https:\/\/www.muenster.org\/hansahof\/wp-content\/uploads\/2023\/04\/IMG_8567-450x300.jpg 450w\" sizes=\"auto, (max-width: 2126px) 100vw, 2126px\" \/> <img loading=\"lazy\" decoding=\"async\" class=\"aligncenter size-full wp-image-1930\" src=\"https:\/\/www.muenster.org\/hansahof\/wp-content\/uploads\/2023\/04\/IMG_8575.jpg\" alt=\"\" width=\"2125\" height=\"1417\" abc=\"https:\/\/www.muenster.org\/hansahof\/wp-content\/uploads\/2023\/04\/IMG_8575.jpg 2125w, https:\/\/www.muenster.org\/hansahof\/wp-content\/uploads\/2023\/04\/IMG_8575-300x200.jpg 300w, https:\/\/www.muenster.org\/hansahof\/wp-content\/uploads\/2023\/04\/IMG_8575-1024x683.jpg 1024w, https:\/\/www.muenster.org\/hansahof\/wp-content\/uploads\/2023\/04\/IMG_8575-768x512.jpg 768w, https:\/\/www.muenster.org\/hansahof\/wp-content\/uploads\/2023\/04\/IMG_8575-1536x1024.jpg 1536w, https:\/\/www.muenster.org\/hansahof\/wp-content\/uploads\/2023\/04\/IMG_8575-2048x1366.jpg 2048w, https:\/\/www.muenster.org\/hansahof\/wp-content\/uploads\/2023\/04\/IMG_8575-450x300.jpg 450w\" sizes=\"auto, (max-width: 2125px) 100vw, 2125px\" \/> <img loading=\"lazy\" decoding=\"async\" class=\"aligncenter size-full wp-image-1931\" src=\"https:\/\/www.muenster.org\/hansahof\/wp-content\/uploads\/2023\/04\/IMG_8583.jpg\" alt=\"\" width=\"2126\" height=\"1417\" abc=\"https:\/\/www.muenster.org\/hansahof\/wp-content\/uploads\/2023\/04\/IMG_8583.jpg 2126w, https:\/\/www.muenster.org\/hansahof\/wp-content\/uploads\/2023\/04\/IMG_8583-300x200.jpg 300w, https:\/\/www.muenster.org\/hansahof\/wp-content\/uploads\/2023\/04\/IMG_8583-1024x683.jpg 1024w, https:\/\/www.muenster.org\/hansahof\/wp-content\/uploads\/2023\/04\/IMG_8583-768x512.jpg 768w, https:\/\/www.muenster.org\/hansahof\/wp-content\/uploads\/2023\/04\/IMG_8583-1536x1024.jpg 1536w, https:\/\/www.muenster.org\/hansahof\/wp-content\/uploads\/2023\/04\/IMG_8583-2048x1365.jpg 2048w, https:\/\/www.muenster.org\/hansahof\/wp-content\/uploads\/2023\/04\/IMG_8583-450x300.jpg 450w\" sizes=\"auto, (max-width: 2126px) 100vw, 2126px\" \/> <img loading=\"lazy\" decoding=\"async\" class=\"aligncenter size-full wp-image-1932\" src=\"https:\/\/www.muenster.org\/hansahof\/wp-content\/uploads\/2023\/04\/IMG_8598.jpg\" alt=\"\" width=\"2125\" height=\"1417\" abc=\"https:\/\/www.muenster.org\/hansahof\/wp-content\/uploads\/2023\/04\/IMG_8598.jpg 2125w, https:\/\/www.muenster.org\/hansahof\/wp-content\/uploads\/2023\/04\/IMG_8598-300x200.jpg 300w, https:\/\/www.muenster.org\/hansahof\/wp-content\/uploads\/2023\/04\/IMG_8598-1024x683.jpg 1024w, https:\/\/www.muenster.org\/hansahof\/wp-content\/uploads\/2023\/04\/IMG_8598-768x512.jpg 768w, https:\/\/www.muenster.org\/hansahof\/wp-content\/uploads\/2023\/04\/IMG_8598-1536x1024.jpg 1536w, https:\/\/www.muenster.org\/hansahof\/wp-content\/uploads\/2023\/04\/IMG_8598-2048x1366.jpg 2048w, https:\/\/www.muenster.org\/hansahof\/wp-content\/uploads\/2023\/04\/IMG_8598-450x300.jpg 450w\" sizes=\"auto, (max-width: 2125px) 100vw, 2125px\" \/> <img loading=\"lazy\" decoding=\"async\" class=\"aligncenter size-full wp-image-1933\" src=\"https:\/\/www.muenster.org\/hansahof\/wp-content\/uploads\/2023\/04\/IMG_8613.jpg\" alt=\"\" width=\"2126\" height=\"1417\" abc=\"https:\/\/www.muenster.org\/hansahof\/wp-content\/uploads\/2023\/04\/IMG_8613.jpg 2126w, https:\/\/www.muenster.org\/hansahof\/wp-content\/uploads\/2023\/04\/IMG_8613-300x200.jpg 300w, https:\/\/www.muenster.org\/hansahof\/wp-content\/uploads\/2023\/04\/IMG_8613-1024x683.jpg 1024w, https:\/\/www.muenster.org\/hansahof\/wp-content\/uploads\/2023\/04\/IMG_8613-768x512.jpg 768w, https:\/\/www.muenster.org\/hansahof\/wp-content\/uploads\/2023\/04\/IMG_8613-1536x1024.jpg 1536w, https:\/\/www.muenster.org\/hansahof\/wp-content\/uploads\/2023\/04\/IMG_8613-2048x1365.jpg 2048w, https:\/\/www.muenster.org\/hansahof\/wp-content\/uploads\/2023\/04\/IMG_8613-450x300.jpg 450w\" sizes=\"auto, (max-width: 2126px) 100vw, 2126px\" \/>16. M\u00e4rz 2023<\/p>\n<p>&nbsp;<\/p>\n<p>&nbsp;<\/p>\n<p>Aus der Geschichte:\u00a0 Bericht von Erwin Stroot, Vorsitzender von Januar 2005\u00a0 bis M\u00e4rz 2023,\u00a0 zum 10 j\u00e4hrigen Jubil\u00e4um im Jahr 2015<\/p>\n<p style=\"text-align: left;\"><strong><span style=\"font-size: 18pt;\">10 Jahre &#8222;Seniorentreff Hansahof e.V.&#8220; <\/span><\/strong><strong><span style=\"font-size: 18pt;\">unter neuer Leitung<\/span><\/strong><\/p>\n<p>Fast 100 G\u00e4ste konnte der Vorsitzende Erwin Stroot zum10 j\u00e4hrigen Jubil\u00e4um des Tr\u00e4gervereins bei seiner Begr\u00fc\u00dfung willkommen hei\u00dfen. William Devries spielte zun\u00e4chst zwei St\u00fccke von Schumann und von Chopin. Mit einem Glas Sekt empfing Helmut Wilke die G\u00e4ste.<\/p>\n<p>Wie war die Situation vor 10 Jahren?<\/p>\n<p>Stadtdechant Dr. Ferdinand Schumacher \u00fcbergab den Hansahof an den Vorstand aus Hedwig Sch\u00fctter, Stefan Buttgereit, Florian Steinforth, Erwin Stroot und Leonhard Thiel.<\/p>\n<p><a href=\"https:\/\/www.muenster.org\/hansahof\/wp-content\/uploads\/2015\/01\/Weihbischof-Ostermann-Irmild-R\u00f6mer-Hedwig-Sch\u00fctte-Stefan-Buttgereit-Marzinkowski-und-Halberstadt1.jpg\"><img loading=\"lazy\" decoding=\"async\" class=\"aligncenter wp-image-487\" src=\"https:\/\/www.muenster.org\/hansahof\/wp-content\/uploads\/2015\/01\/Weihbischof-Ostermann-Irmild-R\u00f6mer-Hedwig-Sch\u00fctte-Stefan-Buttgereit-Marzinkowski-und-Halberstadt1-1024x685.jpg\" alt=\"Weihbischof Ostermann, Irmild R\u00f6mer, Hedwig Sch\u00fctte, Stefan Buttgereit, Marzinkowski und Halberstadt\" width=\"325\" height=\"220\" \/><\/a>Auch Weihbischof Ostermann war der Einladung gefolgt, hatte er doch f\u00fcr drei Jahre eine finanzielle Unterst\u00fctzung zugesagt. &#8222;Dann muss der Hansahof auf eigenen F\u00fc\u00dfen stehen.&#8220; Klaus Rolfes k\u00fcmmerte sich um die Satzung und den gesamten rechtlichen Rahmen.<\/p>\n<p><a href=\"https:\/\/www.muenster.org\/hansahof\/wp-content\/uploads\/2015\/01\/Die-Herren-G\u00fcnther-Zumbr\u00e4gel-und-Thesing-vom-KKV.jpg\"><img loading=\"lazy\" decoding=\"async\" class=\"aligncenter wp-image-488\" src=\"https:\/\/www.muenster.org\/hansahof\/wp-content\/uploads\/2015\/01\/Die-Herren-G\u00fcnther-Zumbr\u00e4gel-und-Thesing-vom-KKV-1024x685.jpg\" alt=\"Die Herren G\u00fcnther, Zumbr\u00e4gel und Thesing vom KKV\" width=\"392\" height=\"265\" \/><\/a>Der KKV, von dem der ehemalige Vorsitzende Herr G\u00fcnther und sein Nachfolger, Herr Zumbr\u00e4gel, gekommen waren, stellte die R\u00e4umlickeiten zur Verf\u00fcgung. Zum Gl\u00fcck konnte der Vorstand auf gewachsene Strukturen zur\u00fcckgreifen und wenn Fragen waren, stand Irmhild R\u00f6mer als Sprecherin der 40 ehrenamtlich t\u00e4tigen Helferinnen und Helfer mit Rat zur Seite. <a href=\"https:\/\/www.muenster.org\/hansahof\/wp-content\/uploads\/2015\/01\/Irmhild-R\u00f6mer-und-Hedwig-Sch\u00fctter.jpg\"><img loading=\"lazy\" decoding=\"async\" class=\"aligncenter wp-image-489\" src=\"https:\/\/www.muenster.org\/hansahof\/wp-content\/uploads\/2015\/01\/Irmhild-R\u00f6mer-und-Hedwig-Sch\u00fctter-1024x685.jpg\" alt=\"Irmhild R\u00f6mer und Hedwig Sch\u00fctter\" width=\"423\" height=\"286\" \/><\/a><\/p>\n<p>Und wie ist die Situation des Seniorentreffs jetzt?<\/p>\n<p>In 10 Jahren kamen neue Ideen und Aktivit\u00e4ten, so das monatliche Fr\u00fchst\u00fcck unter der Leitung von Florian Steinforth. Josef Vollstedt hat die Karnevalsfeier zu einem gro\u00dfartigen Schunkelfest gemacht. Das Projekt\u00a0 &#8222;Wohnen f\u00fcr Hilfe&#8220; wurde von der Stadt M\u00fcnster \u00fcbernommen und ausgeweitet. Die Rechtsberatung von Herrn Schmidt ist seit einem halben Jahr mit Erfolg angenommen worden. Ein Gl\u00fccksfall f\u00fcr den Seniorentreff und den Vorsitzeden\u00a0 war Ulla Homm, die sich als Gesch\u00e4ftsf\u00fchrerin um Dekoration, Personaleinsatz, Organisation von Feiern und vieles mehr k\u00fcmmert.<\/p>\n<p><a href=\"https:\/\/www.muenster.org\/hansahof\/wp-content\/uploads\/2015\/01\/Festredner-Markus-Lewe.jpg\"><img loading=\"lazy\" decoding=\"async\" class=\"aligncenter wp-image-490\" src=\"https:\/\/www.muenster.org\/hansahof\/wp-content\/uploads\/2015\/01\/Festredner-Markus-Lewe-685x1024.jpg\" alt=\"Festredner Markus Lewe\" width=\"301\" height=\"445\" \/><\/a>Der Oberb\u00fcrgermeister wies in seiner Festrede darauf hin, dass der Hansahof wie auch die Stadt M\u00fcnster Orte der Offenheit und des Wohlwollens, ja der Barmherzigkeit seien, Wohlwollen gegen\u00fcber Menschen, die in unserer Stadt ein Zuhause suchen, Wohlwollen gegen\u00fcber alten Mitb\u00fcrgerinnen und Mitb\u00fcrgern, die Hilfe ben\u00f6tigen bei den Alltagsarbeiten.<\/p>\n<p>William Devries beendete den Festakt mit zwei modernen St\u00fccken und alle G\u00e4ste freuten sich \u00fcber das leckere Buffet und den Kaffee.<\/p>\n<p><a href=\"https:\/\/www.muenster.org\/hansahof\/wp-content\/uploads\/2015\/01\/Lecker.jpg\"><img loading=\"lazy\" decoding=\"async\" class=\"aligncenter wp-image-491\" src=\"https:\/\/www.muenster.org\/hansahof\/wp-content\/uploads\/2015\/01\/Lecker-1024x685.jpg\" alt=\"Lecker!\" width=\"278\" height=\"188\" \/><\/a><\/p>\n<p>&nbsp;<\/p>\n","protected":false},"excerpt":{"rendered":"<p>Die Begegnungsst\u00e4tte Seniorentreff Hansahof besteht unter ehrenamtlicher Leitung seit 1977. Sie wurde gegr\u00fcndet mit Unterst\u00fctzung der Katholischen Frauengemeinschaft ( KFD ) von Stadtdechant Johannes Schmitthausen und\u00a0 war\u00a0 bis 2004 unter Tr\u00e4gerschaft des Katholischen Stadtdekanates M\u00fcnster. Am 1. Januar 2005 \u00fcbernahm &hellip; <a href=\"https:\/\/www.muenster.org\/hansahof\/?page_id=484\">Continue reading <span class=\"meta-nav\">&rarr;<\/span><\/a><\/p>\n","protected":false},"author":1,"featured_media":0,"parent":0,"menu_order":0,"comment_status":"closed","ping_status":"open","template":"","meta":{"footnotes":""},"class_list":["post-484","page","type-page","status-publish","hentry","gallery-content-unit"],"_links":{"self":[{"href":"https:\/\/www.muenster.org\/hansahof\/index.php?rest_route=\/wp\/v2\/pages\/484","targetHints":{"allow":["GET"]}}],"collection":[{"href":"https:\/\/www.muenster.org\/hansahof\/index.php?rest_route=\/wp\/v2\/pages"}],"about":[{"href":"https:\/\/www.muenster.org\/hansahof\/index.php?rest_route=\/wp\/v2\/types\/page"}],"author":[{"embeddable":true,"href":"https:\/\/www.muenster.org\/hansahof\/index.php?rest_route=\/wp\/v2\/users\/1"}],"replies":[{"embeddable":true,"href":"https:\/\/www.muenster.org\/hansahof\/index.php?rest_route=%2Fwp%2Fv2%2Fcomments&post=484"}],"version-history":[{"count":15,"href":"https:\/\/www.muenster.org\/hansahof\/index.php?rest_route=\/wp\/v2\/pages\/484\/revisions"}],"predecessor-version":[{"id":2834,"href":"https:\/\/www.muenster.org\/hansahof\/index.php?rest_route=\/wp\/v2\/pages\/484\/revisions\/2834"}],"wp:attachment":[{"href":"https:\/\/www.muenster.org\/hansahof\/index.php?rest_route=%2Fwp%2Fv2%2Fmedia&parent=484"}],"curies":[{"name":"wp","href":"https:\/\/api.w.org\/{rel}","templated":true}]}}