{"id":8,"date":"2011-08-10T15:39:50","date_gmt":"2011-08-10T14:39:50","guid":{"rendered":"http:\/\/www.muenster.org\/hansahof\/wordpress\/?page_id=8"},"modified":"2024-07-19T15:08:33","modified_gmt":"2024-07-19T14:08:33","slug":"unser-gastraum","status":"publish","type":"page","link":"https:\/\/www.muenster.org\/hansahof\/?page_id=8","title":{"rendered":"Unser Gastraum"},"content":{"rendered":"<p><img loading=\"lazy\" decoding=\"async\" class=\"aligncenter size-full wp-image-1980\" src=\"https:\/\/www.muenster.org\/hansahof\/wp-content\/uploads\/2023\/04\/Fruehstueck-im-Hansahof-12.22-scaled.jpg\" alt=\"\" width=\"1920\" height=\"2560\" abc=\"https:\/\/www.muenster.org\/hansahof\/wp-content\/uploads\/2023\/04\/Fruehstueck-im-Hansahof-12.22-scaled.jpg 1920w, https:\/\/www.muenster.org\/hansahof\/wp-content\/uploads\/2023\/04\/Fruehstueck-im-Hansahof-12.22-225x300.jpg 225w, https:\/\/www.muenster.org\/hansahof\/wp-content\/uploads\/2023\/04\/Fruehstueck-im-Hansahof-12.22-768x1024.jpg 768w, https:\/\/www.muenster.org\/hansahof\/wp-content\/uploads\/2023\/04\/Fruehstueck-im-Hansahof-12.22-1152x1536.jpg 1152w, https:\/\/www.muenster.org\/hansahof\/wp-content\/uploads\/2023\/04\/Fruehstueck-im-Hansahof-12.22-1536x2048.jpg 1536w\" sizes=\"auto, (max-width: 1920px) 100vw, 1920px\" \/>Unser Gastraum l\u00e4dt ein zum gem\u00fctlichen Beisammensein, zum Lesen, Tanzen und Singen, zum Schach- und Bridgespiel und nat\u00fcrlich zum Doppelkopfspiel.<\/p>\n<p>Geburtstag feiern<\/p>\n<p><img loading=\"lazy\" decoding=\"async\" class=\"aligncenter size-full wp-image-2395\" src=\"https:\/\/www.muenster.org\/hansahof\/wp-content\/uploads\/2024\/01\/Geburtstag-feiern-im-Hansahof-scaled.jpg\" alt=\"\" width=\"2560\" height=\"1920\" abc=\"https:\/\/www.muenster.org\/hansahof\/wp-content\/uploads\/2024\/01\/Geburtstag-feiern-im-Hansahof-scaled.jpg 2560w, https:\/\/www.muenster.org\/hansahof\/wp-content\/uploads\/2024\/01\/Geburtstag-feiern-im-Hansahof-300x225.jpg 300w, https:\/\/www.muenster.org\/hansahof\/wp-content\/uploads\/2024\/01\/Geburtstag-feiern-im-Hansahof-1024x768.jpg 1024w, https:\/\/www.muenster.org\/hansahof\/wp-content\/uploads\/2024\/01\/Geburtstag-feiern-im-Hansahof-768x576.jpg 768w, https:\/\/www.muenster.org\/hansahof\/wp-content\/uploads\/2024\/01\/Geburtstag-feiern-im-Hansahof-1536x1152.jpg 1536w, https:\/\/www.muenster.org\/hansahof\/wp-content\/uploads\/2024\/01\/Geburtstag-feiern-im-Hansahof-2048x1536.jpg 2048w, https:\/\/www.muenster.org\/hansahof\/wp-content\/uploads\/2024\/01\/Geburtstag-feiern-im-Hansahof-400x300.jpg 400w\" sizes=\"auto, (max-width: 2560px) 100vw, 2560px\" \/><\/p>\n<p><strong>Der Seniorentreff hat eine behindertengerechte ebenerdige Toilette<\/strong>.<br \/>\nRund 80 Personen k\u00f6nnen im Hanahof feiern. Jeden Nachmittag wird Kuchen angeboten und viermal im Monat gibt es frische Waffeln. Im Zeitschriftenstand finden Sie die M\u00fcnstersche Zeitung und einige Wochenjournale.<\/p>\n<p><center>\u00a0<\/center><br \/>\n<img loading=\"lazy\" decoding=\"async\" class=\"aligncenter size-full wp-image-1970\" src=\"https:\/\/www.muenster.org\/hansahof\/wp-content\/uploads\/2023\/04\/Denksport-Scrabble-im-Hansahof-scaled.jpg\" alt=\"\" width=\"2560\" height=\"1440\" abc=\"https:\/\/www.muenster.org\/hansahof\/wp-content\/uploads\/2023\/04\/Denksport-Scrabble-im-Hansahof-scaled.jpg 2560w, https:\/\/www.muenster.org\/hansahof\/wp-content\/uploads\/2023\/04\/Denksport-Scrabble-im-Hansahof-300x169.jpg 300w, https:\/\/www.muenster.org\/hansahof\/wp-content\/uploads\/2023\/04\/Denksport-Scrabble-im-Hansahof-1024x576.jpg 1024w, https:\/\/www.muenster.org\/hansahof\/wp-content\/uploads\/2023\/04\/Denksport-Scrabble-im-Hansahof-768x432.jpg 768w, https:\/\/www.muenster.org\/hansahof\/wp-content\/uploads\/2023\/04\/Denksport-Scrabble-im-Hansahof-1536x864.jpg 1536w, https:\/\/www.muenster.org\/hansahof\/wp-content\/uploads\/2023\/04\/Denksport-Scrabble-im-Hansahof-2048x1152.jpg 2048w, https:\/\/www.muenster.org\/hansahof\/wp-content\/uploads\/2023\/04\/Denksport-Scrabble-im-Hansahof-500x281.jpg 500w\" sizes=\"auto, (max-width: 2560px) 100vw, 2560px\" \/> <img loading=\"lazy\" decoding=\"async\" class=\"aligncenter size-full wp-image-1971\" src=\"https:\/\/www.muenster.org\/hansahof\/wp-content\/uploads\/2023\/04\/Doppelkopf-2-scaled.jpg\" alt=\"\" width=\"2560\" height=\"1714\" abc=\"https:\/\/www.muenster.org\/hansahof\/wp-content\/uploads\/2023\/04\/Doppelkopf-2-scaled.jpg 2560w, https:\/\/www.muenster.org\/hansahof\/wp-content\/uploads\/2023\/04\/Doppelkopf-2-300x201.jpg 300w, https:\/\/www.muenster.org\/hansahof\/wp-content\/uploads\/2023\/04\/Doppelkopf-2-1024x685.jpg 1024w, https:\/\/www.muenster.org\/hansahof\/wp-content\/uploads\/2023\/04\/Doppelkopf-2-768x514.jpg 768w, https:\/\/www.muenster.org\/hansahof\/wp-content\/uploads\/2023\/04\/Doppelkopf-2-1536x1028.jpg 1536w, https:\/\/www.muenster.org\/hansahof\/wp-content\/uploads\/2023\/04\/Doppelkopf-2-2048x1371.jpg 2048w, https:\/\/www.muenster.org\/hansahof\/wp-content\/uploads\/2023\/04\/Doppelkopf-2-448x300.jpg 448w\" sizes=\"auto, (max-width: 2560px) 100vw, 2560px\" \/><\/p>\n<h1>Unsere K\u00fcche<\/h1>\n<p><center><img loading=\"lazy\" decoding=\"async\" class=\"aligncenter size-full wp-image-2728\" src=\"https:\/\/www.muenster.org\/hansahof\/wp-content\/uploads\/2024\/07\/Kueche-1.jpg\" alt=\"\" width=\"1868\" height=\"1512\" abc=\"https:\/\/www.muenster.org\/hansahof\/wp-content\/uploads\/2024\/07\/Kueche-1.jpg 1868w, https:\/\/www.muenster.org\/hansahof\/wp-content\/uploads\/2024\/07\/Kueche-1-300x243.jpg 300w, https:\/\/www.muenster.org\/hansahof\/wp-content\/uploads\/2024\/07\/Kueche-1-1024x829.jpg 1024w, https:\/\/www.muenster.org\/hansahof\/wp-content\/uploads\/2024\/07\/Kueche-1-768x622.jpg 768w, https:\/\/www.muenster.org\/hansahof\/wp-content\/uploads\/2024\/07\/Kueche-1-1536x1243.jpg 1536w, https:\/\/www.muenster.org\/hansahof\/wp-content\/uploads\/2024\/07\/Kueche-1-371x300.jpg 371w\" sizes=\"auto, (max-width: 1868px) 100vw, 1868px\" \/><\/center><\/p>\n<h1>Unsere Kegelbahn<\/h1>\n<p><center><img decoding=\"async\" src=\"https:\/\/www.muenster.org\/hansahof\/kegeln1.jpg\" alt=\"\/\" width=\"300\" \/>\u00a0<img decoding=\"async\" src=\"https:\/\/www.muenster.org\/hansahof\/kegeln.jpg\" alt=\"\/\" width=\"400\" \/><\/center><center><img decoding=\"async\" class=\"aligncenter size-full wp-image-2284\" src=\"https:\/\/www.muenster.org\/hansahof\/wp-content\/uploads\/2023\/11\/IMG_3526.heic\" alt=\"\" \/><\/center>\u00a0\u00a0\u00a0\u00a0\u00a0\u00a0\u00a0\u00a0\u00a0\u00a0\u00a0\u00a0\u00a0\u00a0\u00a0\u00a0\u00a0\u00a0\u00a0\u00a0\u00a0\u00a0&#8222;Ausgezeichnet! Mit dem Wurf musst du das Spiel bezahlen!&#8220;<\/p>\n<p>Das Dartspiel wird immer beliebter<\/p>\n<p><img loading=\"lazy\" decoding=\"async\" class=\"aligncenter size-full wp-image-2731\" src=\"https:\/\/www.muenster.org\/hansahof\/wp-content\/uploads\/2024\/07\/Dart-1-rotated.jpg\" alt=\"\" width=\"1512\" height=\"2016\" abc=\"https:\/\/www.muenster.org\/hansahof\/wp-content\/uploads\/2024\/07\/Dart-1-rotated.jpg 1512w, https:\/\/www.muenster.org\/hansahof\/wp-content\/uploads\/2024\/07\/Dart-1-225x300.jpg 225w, https:\/\/www.muenster.org\/hansahof\/wp-content\/uploads\/2024\/07\/Dart-1-768x1024.jpg 768w, https:\/\/www.muenster.org\/hansahof\/wp-content\/uploads\/2024\/07\/Dart-1-1152x1536.jpg 1152w\" sizes=\"auto, (max-width: 1512px) 100vw, 1512px\" \/><\/p>\n","protected":false},"excerpt":{"rendered":"<p>Unser Gastraum l\u00e4dt ein zum gem\u00fctlichen Beisammensein, zum Lesen, Tanzen und Singen, zum Schach- und Bridgespiel und nat\u00fcrlich zum Doppelkopfspiel. Geburtstag feiern Der Seniorentreff hat eine behindertengerechte ebenerdige Toilette. Rund 80 Personen k\u00f6nnen im Hanahof feiern. Jeden Nachmittag wird Kuchen &hellip; <a href=\"https:\/\/www.muenster.org\/hansahof\/?page_id=8\">Continue reading <span class=\"meta-nav\">&rarr;<\/span><\/a><\/p>\n","protected":false},"author":1,"featured_media":0,"parent":0,"menu_order":0,"comment_status":"closed","ping_status":"open","template":"","meta":{"footnotes":""},"class_list":["post-8","page","type-page","status-publish","hentry","gallery-content-unit"],"_links":{"self":[{"href":"https:\/\/www.muenster.org\/hansahof\/index.php?rest_route=\/wp\/v2\/pages\/8","targetHints":{"allow":["GET"]}}],"collection":[{"href":"https:\/\/www.muenster.org\/hansahof\/index.php?rest_route=\/wp\/v2\/pages"}],"about":[{"href":"https:\/\/www.muenster.org\/hansahof\/index.php?rest_route=\/wp\/v2\/types\/page"}],"author":[{"embeddable":true,"href":"https:\/\/www.muenster.org\/hansahof\/index.php?rest_route=\/wp\/v2\/users\/1"}],"replies":[{"embeddable":true,"href":"https:\/\/www.muenster.org\/hansahof\/index.php?rest_route=%2Fwp%2Fv2%2Fcomments&post=8"}],"version-history":[{"count":27,"href":"https:\/\/www.muenster.org\/hansahof\/index.php?rest_route=\/wp\/v2\/pages\/8\/revisions"}],"predecessor-version":[{"id":2750,"href":"https:\/\/www.muenster.org\/hansahof\/index.php?rest_route=\/wp\/v2\/pages\/8\/revisions\/2750"}],"wp:attachment":[{"href":"https:\/\/www.muenster.org\/hansahof\/index.php?rest_route=%2Fwp%2Fv2%2Fmedia&parent=8"}],"curies":[{"name":"wp","href":"https:\/\/api.w.org\/{rel}","templated":true}]}}